{"id":2,"date":"2016-05-10T03:48:21","date_gmt":"2016-05-10T03:48:21","guid":{"rendered":"http:\/\/1fmc03.de\/?page_id=2"},"modified":"2026-03-25T15:09:53","modified_gmt":"2026-03-25T15:09:53","slug":"sample-page","status":"publish","type":"page","link":"https:\/\/1fmc03.de\/","title":{"rendered":"1. FMC 03"},"content":{"rendered":"\r\n<h3 class=\"wp-block-heading\"><img data-recalc-dims=\"1\" loading=\"lazy\" decoding=\"async\" class=\"alignleft  wp-image-1652\" src=\"https:\/\/i0.wp.com\/1fmc03.de\/wp-content\/uploads\/2026\/03\/signet_nominiert_2026.png?resize=397%2C347\" alt=\"\" width=\"397\" height=\"347\" srcset=\"https:\/\/i0.wp.com\/1fmc03.de\/wp-content\/uploads\/2026\/03\/signet_nominiert_2026.png?w=827&amp;ssl=1 827w, https:\/\/i0.wp.com\/1fmc03.de\/wp-content\/uploads\/2026\/03\/signet_nominiert_2026.png?resize=300%2C262&amp;ssl=1 300w, https:\/\/i0.wp.com\/1fmc03.de\/wp-content\/uploads\/2026\/03\/signet_nominiert_2026.png?resize=768%2C670&amp;ssl=1 768w, https:\/\/i0.wp.com\/1fmc03.de\/wp-content\/uploads\/2026\/03\/signet_nominiert_2026.png?resize=344%2C300&amp;ssl=1 344w\" sizes=\"auto, (max-width: 397px) 100vw, 397px\" \/><strong>Wir sind m\u00e4chtig stolz, f\u00fcr den <span style=\"color: #800000;\">SILA AWARD 2026<\/span> nominiert worden zu sein!<\/strong><\/h3>\r\n<p>Der SILA AWARD \/ CHOR DES JAHRES vom Chorverband Rheinland-Pfalz und dem Magazin &#8222;Singendes Land&#8220; zeichnet Ch\u00f6re aus, die sich durch <strong><em>&#8222;&#8230;besonderen Einsatz, soziale Gemeinschaft, frische Ideen, \u00fcberraschende Projekte und kreative\u00a0 \u00d6ffentlichkeitsarbeit&#8230;&#8220;<\/em>\u00a0<\/strong> verdient gemacht haben. Klingt schon ein wenig nach uns, aber wir posaunen so etwas ja nicht unbedingt nach au\u00dfen, daher wissen wir auch nicht, WER uns beim Chroverband nominiert hat, aber wir freuen uns <strong>sehr dar\u00fcber<\/strong> und sind nat\u00fcrlich gespannt auf den weiteren Verlauf! Weitere Informationen dar\u00fcber gibt es hier: <strong><a href=\"https:\/\/2018.rlp-singt.de\/\">SILA-AWARD 2026<\/a><\/strong> oder hier: <strong><a href=\"https:\/\/singendesland.de\/rheinland-pfalz-feierte-herausragende-choere-und-initiativen\/26524\">Singendes Land<\/a><\/strong><\/p>\r\n<p>&nbsp;<\/p>\r\n<h5>\u00a0<\/h5>\r\n<hr \/>\r\n<p><strong>\u00dcbrigens und mal &#8222;ganz unter uns&#8220;: <\/strong>falls Ihr <em><strong>noch keine Karten<\/strong><\/em> f\u00fcr unseren Liederabend am 07.11.2026 habt, solltet Ihr jetzt unbedingt zuschlagen, da wir nahezu ratz-fatz ausverkauft sein werden \ud83d\ude42 <strong>Also &#8211; nicht, das am Ende wieder jemand weint!<\/strong> (Im Ernst: es wird langsam aber sicher &#8222;knapp&#8220;)\u00a0 <span style=\"color: #ff0000;\"><strong><a href=\"https:\/\/congressforum.reservix.de\/p\/reservix\/group\/519305\">-&gt; Hier geht es zu den Karten &lt;-<\/a><\/strong><\/span><\/p>\r\n<hr \/>\r\n<p><strong><span style=\"font-size: 2.06em;\">Willkommen beim 1. Frankenthaler M\u00e4nnerchor 03!<\/span><\/strong><\/p>\r\n<figure id=\"attachment_945\" aria-describedby=\"caption-attachment-945\" style=\"width: 363px\" class=\"wp-caption alignleft\"><img data-recalc-dims=\"1\" loading=\"lazy\" decoding=\"async\" class=\"wp-image-945\" src=\"https:\/\/i0.wp.com\/1fmc03.de\/wp-content\/uploads\/2024\/03\/LION.png?resize=363%2C545\" alt=\"\" width=\"363\" height=\"545\" srcset=\"https:\/\/i0.wp.com\/1fmc03.de\/wp-content\/uploads\/2024\/03\/LION.png?w=1200&amp;ssl=1 1200w, https:\/\/i0.wp.com\/1fmc03.de\/wp-content\/uploads\/2024\/03\/LION.png?resize=200%2C300&amp;ssl=1 200w, https:\/\/i0.wp.com\/1fmc03.de\/wp-content\/uploads\/2024\/03\/LION.png?resize=683%2C1024&amp;ssl=1 683w, https:\/\/i0.wp.com\/1fmc03.de\/wp-content\/uploads\/2024\/03\/LION.png?resize=768%2C1152&amp;ssl=1 768w, https:\/\/i0.wp.com\/1fmc03.de\/wp-content\/uploads\/2024\/03\/LION.png?resize=1024%2C1536&amp;ssl=1 1024w\" sizes=\"auto, (max-width: 363px) 100vw, 363px\" \/><figcaption id=\"caption-attachment-945\" class=\"wp-caption-text\">Der Frankenthaler L\u00f6we im Design des 1.FMC \u00b403. &#8211; k\u00fcntlerisch veredelt von Gerd Osswald<\/figcaption><\/figure>\r\n<p>Hier findest Du alles Wissenswerte \u00fcber den Chor, seine <a href=\"http:\/\/1fmc03.de\/?page_id=703\">Termine<\/a> und den dazugeh\u00f6renden Verein \u2013 inklusive einem direkten Draht in unser Sekretariat, falls Dir danach sein sollte, uns zu buchen.<\/p>\r\n<p>Du suchst nach den aktuellen Terminen und der &#8222;Sing Mim&#8220; &#8211; Veranstlatung? Kein Problem. Dann einfach <a href=\"https:\/\/1fmc03.de\/?page_id=1057\">bitte hier entlang!<\/a><br \/><br \/>Wenn Du uns nur aus dem Radio oder der Zeitung kennst, (oder Dich vielleicht sogar nur zuf\u00e4llig hierher verirrt hast), lohnt sich der eine oder andere Klick auf die <a href=\"https:\/\/1fmc03.de\/?page_id=41\">Historie<\/a>, die\u00a0<a href=\"https:\/\/1fmc03.de\/?page_id=566\">Fotos<\/a>\u00a0oder unser Repertoire.<br \/><br \/>Die <a href=\"http:\/\/1fmc03.de\/?page_id=379\">S\u00e4nger des 1. FMC 03<\/a>, zu denen u.a. etliche bekannte Gesichter der Frankenthaler Musikerszene z\u00e4hlen, suchen abwechslungsreiche Stilrichtungen: Die Rockmusik bringen wir mit \u2013 traditionelle Lieder lernen wir neu und singen mit aller Kraft, so sch\u00f6n wir nur k\u00f6nnen.<br \/><br \/>Denn \u2013 das ist uns wichtig \u2013 die Br\u00fccke zwischen Tradition und Moderne zu schlagen, den klassischen M\u00e4nnerchorgesang auch f\u00fcr unsere Generation neu zu entdecken, belebt die Sangesfreude. Eigentlich \u201eeine kulturelle Notwendigkeit\u201c !<br \/><br \/>Viel Spa\u00df beim Lesen &amp; Hoch lebe die Pfalz!<br \/><br \/><strong>Dein 1. Frankenthaler M\u00e4nnerchor 03<\/strong>\u00a0<\/p>\r\n<p style=\"padding-left: 40px;\">\u00a0<\/p>\r\n<h4 style=\"padding-left: 40px;\">Veranstaltungsreihe Sing Mim Chor<br \/><br \/><span style=\"color: #ff0000;\">Die neuen <a href=\"https:\/\/1fmc03.de\/?page_id=703\">Termine<\/a>\u00a0sind online!<\/span><\/h4>\r\n<p style=\"padding-left: 40px;\"><a href=\"https:\/\/1fmc03.de\/?p=1057\"><strong><span style=\"color: #ff0000;\">&#8222;SING MIM CHOR&#8220; &#8211; der Mini-Liederabend zum Mitsingen<\/span><\/strong>.<\/a> <a href=\"https:\/\/1fmc03.de\/?p=1057\"><strong>Weitere Infos gibt\u00b4s hier.<\/strong><\/a><\/p>\r\n<hr \/>\r\n<h4 style=\"padding-left: 40px;\">Der FMC auf YouTube<\/h4>\r\n<p style=\"padding-left: 40px;\"><strong>Kennen Sie schon unseren <a href=\"https:\/\/www.youtube.com\/@1fmc03\">Youtube-Kanal?<\/a> Hier ist eine stetig wachsende Auswahl an <a href=\"https:\/\/www.youtube.com\/@1fmc03\">Filmen und Videos von und mit dem 1. Frankenthaler M\u00e4nnerchor \u00b403!<\/a><\/strong><\/p>\r\n<p>&nbsp;<\/p>\r\n\r\n<p>Der FMC 03 bei Facebook: <a href=\"https:\/\/www.facebook.com\/1FMC03\">https:\/\/www.facebook.com\/1FMC03\/<\/a><\/p>\r\n<p>&nbsp;<\/p>\r\n<p>&nbsp;<\/p>\r\n\r\n<p>&nbsp;<\/p>\r\n\r\n<h3 class=\"wp-block-heading\">\u00a0<\/h3>\r\n","protected":false},"excerpt":{"rendered":"<p>Wir sind m\u00e4chtig stolz, f\u00fcr den SILA AWARD 2026 nominiert worden zu sein! Der SILA AWARD \/ CHOR DES JAHRES vom Chorverband Rheinland-Pfalz und dem Magazin &#8222;Singendes Land&#8220; zeichnet Ch\u00f6re aus, die sich durch &#8222;&#8230;besonderen Einsatz, soziale Gemeinschaft, frische Ideen, \u00fcberraschende Projekte und kreative\u00a0 \u00d6ffentlichkeitsarbeit&#8230;&#8220;\u00a0 verdient gemacht haben. Klingt schon &hellip;<\/p>\n","protected":false},"author":1,"featured_media":0,"parent":0,"menu_order":0,"comment_status":"closed","ping_status":"open","template":"","meta":{"footnotes":""},"class_list":["post-2","page","type-page","status-publish","hentry"],"_links":{"self":[{"href":"https:\/\/1fmc03.de\/index.php?rest_route=\/wp\/v2\/pages\/2","targetHints":{"allow":["GET"]}}],"collection":[{"href":"https:\/\/1fmc03.de\/index.php?rest_route=\/wp\/v2\/pages"}],"about":[{"href":"https:\/\/1fmc03.de\/index.php?rest_route=\/wp\/v2\/types\/page"}],"author":[{"embeddable":true,"href":"https:\/\/1fmc03.de\/index.php?rest_route=\/wp\/v2\/users\/1"}],"replies":[{"embeddable":true,"href":"https:\/\/1fmc03.de\/index.php?rest_route=%2Fwp%2Fv2%2Fcomments&post=2"}],"version-history":[{"count":102,"href":"https:\/\/1fmc03.de\/index.php?rest_route=\/wp\/v2\/pages\/2\/revisions"}],"predecessor-version":[{"id":1659,"href":"https:\/\/1fmc03.de\/index.php?rest_route=\/wp\/v2\/pages\/2\/revisions\/1659"}],"wp:attachment":[{"href":"https:\/\/1fmc03.de\/index.php?rest_route=%2Fwp%2Fv2%2Fmedia&parent=2"}],"curies":[{"name":"wp","href":"https:\/\/api.w.org\/{rel}","templated":true}]}}