{"id":379,"date":"2023-10-06T13:01:17","date_gmt":"2023-10-06T13:01:17","guid":{"rendered":"http:\/\/1fmc03.de\/?page_id=379"},"modified":"2024-03-18T12:26:55","modified_gmt":"2024-03-18T12:26:55","slug":"die-saenger","status":"publish","type":"page","link":"https:\/\/1fmc03.de\/?page_id=379","title":{"rendered":"Die S\u00e4nger"},"content":{"rendered":"<p>Hier finden Sie eine \u00dcbersicht der Frankenthaler &#8222;Goldkehlchen&#8220;, die in Summe der Jahre an B\u00fchnenerfahrung nicht nur die \u00e4lteste BoyBand der Welt sein d\u00fcrften, sondern auch gleichzeitig allesamt das Pr\u00e4dikat &#8222;Wunsch-Schwiegersohn vergangener Jahrzehnte&#8220; verdient h\u00e4tten&#8230; wenn es diese Auszeichnung g\u00e4be.<\/p>\n<p><strong>Bitte beachten: Die Galerie ist noch nicht vollst\u00e4ndig!<\/strong><\/p>\n<div class=\"rl-gallery-container rl-loading\" id=\"rl-gallery-container-1\" data-gallery_id=\"871\"> <h4 class=\"rl-gallery-title\">Chorleitung<\/h4><div class=\"rl-gallery-description\"><\/div> <div class=\"rl-gallery rl-basicgrid-gallery rl-hover-effect-4 rl-hover-icon-8\" id=\"rl-gallery-1\" data-gallery_no=\"1\"> <div class=\"rl-gallery-item\"><a href=\"https:\/\/i0.wp.com\/1fmc03.de\/wp-content\/uploads\/2023\/10\/WZ1.jpg?fit=768%2C432&amp;ssl=1\" title=\"Walter Zipp, Chorleiter, (NBC)\" data-rl_title=\"Walter Zipp, Chorleiter, (NBC)\" class=\"rl-gallery-link\" data-rl_caption=\"Walter Zipp, Chorleiter, (NBC)\" data-rel=\"lightbox-gallery-1\" data-magnific_type=\"gallery\"><img loading=\"lazy\" decoding=\"async\" src=\"https:\/\/i0.wp.com\/1fmc03.de\/wp-content\/uploads\/2023\/10\/WZ1.jpg?fit=768%2C432&#038;ssl=1\" width=\"768\" height=\"432\" alt=\"\" \/><span class=\"rl-gallery-caption\"><span class=\"rl-gallery-item-title\">Walter Zipp, Chorleiter, (NBC)<\/span><\/span><\/a><\/div> <\/div> <\/div>\n<p>&nbsp;<\/p>\n<div class=\"rl-gallery-container rl-loading\" id=\"rl-gallery-container-2\" data-gallery_id=\"397\"> <h4 class=\"rl-gallery-title\">1. TENOR<\/h4><div class=\"rl-gallery-description\"><\/div> <div class=\"rl-gallery rl-basicgrid-gallery rl-hover-effect-4 rl-hover-icon-8\" id=\"rl-gallery-2\" data-gallery_no=\"2\"> <div class=\"rl-gallery-item\"><a href=\"https:\/\/i0.wp.com\/1fmc03.de\/wp-content\/uploads\/2023\/10\/1T-WB.jpg?fit=827%2C465&amp;ssl=1\" title=\"Willi &#8222;Willis&#8220; Brausch, 1. Vorstand und 1. Tenor\" data-rl_title=\"Willi &#8222;Willis&#8220; Brausch, 1. Vorstand und 1. Tenor\" class=\"rl-gallery-link\" data-rl_caption=\"Willi Brausch\" data-rel=\"lightbox-gallery-2\" data-magnific_type=\"gallery\"><img loading=\"lazy\" decoding=\"async\" src=\"https:\/\/i0.wp.com\/1fmc03.de\/wp-content\/uploads\/2023\/10\/1T-WB.jpg?fit=768%2C432&#038;ssl=1\" width=\"768\" height=\"432\" alt=\"\" \/><span class=\"rl-gallery-caption\"><span class=\"rl-gallery-item-title\">Willi Brausch<\/span><span class=\"rl-gallery-item-caption\">Willi &#8222;Willis&#8220; Brausch, 1. Vorstand und 1. Tenor<\/span><\/span><\/a><\/div><div class=\"rl-gallery-item\"><a href=\"https:\/\/i0.wp.com\/1fmc03.de\/wp-content\/uploads\/2023\/10\/00DFLA5-scaled.jpg?fit=827%2C470&amp;ssl=1\" title=\"Dirk &#8222;Felles&#8220; Fellhauer, Medienerstellung, 1. Tenor und Obertenor\" data-rl_title=\"Dirk &#8222;Felles&#8220; Fellhauer, Medienerstellung, 1. Tenor und Obertenor\" class=\"rl-gallery-link\" data-rl_caption=\"Dirk Fellhauer\" data-rel=\"lightbox-gallery-2\" data-magnific_type=\"gallery\"><img loading=\"lazy\" decoding=\"async\" src=\"https:\/\/i0.wp.com\/1fmc03.de\/wp-content\/uploads\/2023\/10\/00DFLA5-scaled.jpg?fit=768%2C436&#038;ssl=1\" width=\"768\" height=\"436\" alt=\"\" \/><span class=\"rl-gallery-caption\"><span class=\"rl-gallery-item-title\">Dirk Fellhauer<\/span><span class=\"rl-gallery-item-caption\">Dirk &#8222;Felles&#8220; Fellhauer, Medienerstellung, 1. Tenor und Obertenor<\/span><\/span><\/a><\/div><div class=\"rl-gallery-item\"><a href=\"https:\/\/i0.wp.com\/1fmc03.de\/wp-content\/uploads\/2024\/12\/JPEG-Bild-4DCE-9C06-74-0-e1733322366121.jpeg?fit=827%2C470&amp;ssl=1\" title=\"J\u00fcrgen H\u00e4llmeyer\" data-rl_title=\"J\u00fcrgen H\u00e4llmeyer\" class=\"rl-gallery-link\" data-rl_caption=\"J\u00fcrgen H\u00e4llmeyer\" data-rel=\"lightbox-gallery-2\" data-magnific_type=\"gallery\"><img loading=\"lazy\" decoding=\"async\" src=\"https:\/\/i0.wp.com\/1fmc03.de\/wp-content\/uploads\/2024\/12\/JPEG-Bild-4DCE-9C06-74-0-e1733322366121.jpeg?fit=768%2C436&#038;ssl=1\" width=\"768\" height=\"436\" alt=\"\" \/><span class=\"rl-gallery-caption\"><span class=\"rl-gallery-item-title\">J\u00fcrgen H\u00e4llmeyer<\/span><span class=\"rl-gallery-item-caption\">J\u00fcrgen H\u00e4llmeyer<\/span><\/span><\/a><\/div><div class=\"rl-gallery-item\"><a href=\"https:\/\/i0.wp.com\/1fmc03.de\/wp-content\/uploads\/2023\/10\/00-DIETER.jpg?fit=827%2C467&amp;ssl=1\" title=\"Dieter Hermann, 1. Tenor\" data-rl_title=\"Dieter Hermann, 1. Tenor\" class=\"rl-gallery-link\" data-rl_caption=\"Dieter Hermann\" data-rel=\"lightbox-gallery-2\" data-magnific_type=\"gallery\"><img loading=\"lazy\" decoding=\"async\" src=\"https:\/\/i0.wp.com\/1fmc03.de\/wp-content\/uploads\/2023\/10\/00-DIETER.jpg?fit=768%2C434&#038;ssl=1\" width=\"768\" height=\"434\" alt=\"\" \/><span class=\"rl-gallery-caption\"><span class=\"rl-gallery-item-title\">Dieter Hermann<\/span><span class=\"rl-gallery-item-caption\">Dieter Hermann, 1. Tenor<\/span><\/span><\/a><\/div><div class=\"rl-gallery-item\"><a href=\"https:\/\/i0.wp.com\/1fmc03.de\/wp-content\/uploads\/2023\/10\/1T-TH.jpg?fit=827%2C465&amp;ssl=1\" title=\"Thomas Henkel, 1. Tenor und Obertenor\" data-rl_title=\"Thomas Henkel, 1. Tenor und Obertenor\" class=\"rl-gallery-link\" data-rl_caption=\"Thomas Henkel\" data-rel=\"lightbox-gallery-2\" data-magnific_type=\"gallery\"><img loading=\"lazy\" decoding=\"async\" src=\"https:\/\/i0.wp.com\/1fmc03.de\/wp-content\/uploads\/2023\/10\/1T-TH.jpg?fit=768%2C432&#038;ssl=1\" width=\"768\" height=\"432\" alt=\"\" \/><span class=\"rl-gallery-caption\"><span class=\"rl-gallery-item-title\">Thomas Henkel<\/span><span class=\"rl-gallery-item-caption\">Thomas Henkel, 1. Tenor und Obertenor<\/span><\/span><\/a><\/div><div class=\"rl-gallery-item\"><a href=\"https:\/\/i0.wp.com\/1fmc03.de\/wp-content\/uploads\/2023\/10\/00SK2.jpg?fit=827%2C465&amp;ssl=1\" title=\"Steffen Kumpf, 1. Tenor\" data-rl_title=\"Steffen Kumpf, 1. Tenor\" class=\"rl-gallery-link\" data-rl_caption=\"Steffen Kumpf\" data-rel=\"lightbox-gallery-2\" data-magnific_type=\"gallery\"><img loading=\"lazy\" decoding=\"async\" src=\"https:\/\/i0.wp.com\/1fmc03.de\/wp-content\/uploads\/2023\/10\/00SK2.jpg?fit=768%2C432&#038;ssl=1\" width=\"768\" height=\"432\" alt=\"\" \/><span class=\"rl-gallery-caption\"><span class=\"rl-gallery-item-title\">Steffen Kumpf<\/span><span class=\"rl-gallery-item-caption\">Steffen Kumpf, 1. Tenor<\/span><\/span><\/a><\/div><div class=\"rl-gallery-item\"><a href=\"https:\/\/i0.wp.com\/1fmc03.de\/wp-content\/uploads\/2023\/10\/Andreas-Prodehl-3.jpeg?fit=827%2C468&amp;ssl=1\" title=\"Andreas &#8222;Andy 4&#8220; Prodehl\" data-rl_title=\"Andreas &#8222;Andy 4&#8220; Prodehl\" class=\"rl-gallery-link\" data-rl_caption=\"Andreas Prodehl\" data-rel=\"lightbox-gallery-2\" data-magnific_type=\"gallery\"><img loading=\"lazy\" decoding=\"async\" src=\"https:\/\/i0.wp.com\/1fmc03.de\/wp-content\/uploads\/2023\/10\/Andreas-Prodehl-3.jpeg?fit=768%2C435&#038;ssl=1\" width=\"768\" height=\"435\" alt=\"\" \/><span class=\"rl-gallery-caption\"><span class=\"rl-gallery-item-title\">Andreas Prodehl<\/span><span class=\"rl-gallery-item-caption\">Andreas &#8222;Andy 4&#8220; Prodehl<\/span><\/span><\/a><\/div><div class=\"rl-gallery-item\"><a href=\"https:\/\/i0.wp.com\/1fmc03.de\/wp-content\/uploads\/2023\/10\/1T-RW2.jpg?fit=827%2C465&amp;ssl=1\" title=\"Roman Winter, 1. Tenor\" data-rl_title=\"Roman Winter, 1. Tenor\" class=\"rl-gallery-link\" data-rl_caption=\"Roman Winter\" data-rel=\"lightbox-gallery-2\" data-magnific_type=\"gallery\"><img loading=\"lazy\" decoding=\"async\" src=\"https:\/\/i0.wp.com\/1fmc03.de\/wp-content\/uploads\/2023\/10\/1T-RW2.jpg?fit=768%2C432&#038;ssl=1\" width=\"768\" height=\"432\" alt=\"\" \/><span class=\"rl-gallery-caption\"><span class=\"rl-gallery-item-title\">Roman Winter<\/span><span class=\"rl-gallery-item-caption\">Roman Winter, 1. Tenor<\/span><\/span><\/a><\/div> <\/div> <\/div>\n<div class=\"rl-gallery-container rl-loading\" id=\"rl-gallery-container-3\" data-gallery_id=\"398\"> <h4 class=\"rl-gallery-title\">2. TENOR<\/h4><div class=\"rl-gallery-description\"><\/div> <div class=\"rl-gallery rl-basicgrid-gallery rl-hover-effect-4 rl-hover-icon-8\" id=\"rl-gallery-3\" data-gallery_no=\"3\"> <div class=\"rl-gallery-item\"><a href=\"https:\/\/i0.wp.com\/1fmc03.de\/wp-content\/uploads\/2023\/10\/2T-JW.jpg?fit=827%2C465&amp;ssl=1\" title=\"Michael &#8222;Josef&#8220; Weiler, 2. Tenor\" data-rl_title=\"Michael &#8222;Josef&#8220; Weiler, 2. Tenor\" class=\"rl-gallery-link\" data-rl_caption=\"Josef Weiler\" data-rel=\"lightbox-gallery-3\" data-magnific_type=\"gallery\"><img loading=\"lazy\" decoding=\"async\" src=\"https:\/\/i0.wp.com\/1fmc03.de\/wp-content\/uploads\/2023\/10\/2T-JW.jpg?fit=768%2C432&#038;ssl=1\" width=\"768\" height=\"432\" alt=\"\" \/><span class=\"rl-gallery-caption\"><span class=\"rl-gallery-item-title\">Josef Weiler<\/span><span class=\"rl-gallery-item-caption\">Michael &#8222;Josef&#8220; Weiler, 2. Tenor<\/span><\/span><\/a><\/div><div class=\"rl-gallery-item\"><a href=\"https:\/\/i0.wp.com\/1fmc03.de\/wp-content\/uploads\/2023\/10\/2T-HB.jpg?fit=827%2C465&amp;ssl=1\" title=\"Hans Braun, 2. Tenor\" data-rl_title=\"Hans Braun, 2. Tenor\" class=\"rl-gallery-link\" data-rl_caption=\"Hans Braun\" data-rel=\"lightbox-gallery-3\" data-magnific_type=\"gallery\"><img loading=\"lazy\" decoding=\"async\" src=\"https:\/\/i0.wp.com\/1fmc03.de\/wp-content\/uploads\/2023\/10\/2T-HB.jpg?fit=768%2C432&#038;ssl=1\" width=\"768\" height=\"432\" alt=\"\" \/><span class=\"rl-gallery-caption\"><span class=\"rl-gallery-item-title\">Hans Braun<\/span><span class=\"rl-gallery-item-caption\">Hans Braun, 2. Tenor<\/span><\/span><\/a><\/div><div class=\"rl-gallery-item\"><a href=\"https:\/\/i0.wp.com\/1fmc03.de\/wp-content\/uploads\/2023\/10\/2T-GO.jpg?fit=827%2C465&amp;ssl=1\" title=\"Gerd &#8222;Osse&#8220; O\u00dfwald, 2. Tenor\" data-rl_title=\"Gerd &#8222;Osse&#8220; O\u00dfwald, 2. Tenor\" class=\"rl-gallery-link\" data-rl_caption=\"Gerd O\u00dfwald\" data-rel=\"lightbox-gallery-3\" data-magnific_type=\"gallery\"><img loading=\"lazy\" decoding=\"async\" src=\"https:\/\/i0.wp.com\/1fmc03.de\/wp-content\/uploads\/2023\/10\/2T-GO.jpg?fit=768%2C432&#038;ssl=1\" width=\"768\" height=\"432\" alt=\"\" \/><span class=\"rl-gallery-caption\"><span class=\"rl-gallery-item-title\">Gerd O\u00dfwald<\/span><span class=\"rl-gallery-item-caption\">Gerd &#8222;Osse&#8220; O\u00dfwald, 2. Tenor<\/span><\/span><\/a><\/div><div class=\"rl-gallery-item\"><a href=\"https:\/\/i0.wp.com\/1fmc03.de\/wp-content\/uploads\/2023\/10\/2T-GH.jpg?fit=827%2C465&amp;ssl=1\" title=\"Georg &#8222;Chicken&#8220; Heinrich, 2. Tenor\" data-rl_title=\"Georg &#8222;Chicken&#8220; Heinrich, 2. Tenor\" class=\"rl-gallery-link\" data-rl_caption=\"Georg Heinrich\" data-rel=\"lightbox-gallery-3\" data-magnific_type=\"gallery\"><img loading=\"lazy\" decoding=\"async\" src=\"https:\/\/i0.wp.com\/1fmc03.de\/wp-content\/uploads\/2023\/10\/2T-GH.jpg?fit=768%2C432&#038;ssl=1\" width=\"768\" height=\"432\" alt=\"\" \/><span class=\"rl-gallery-caption\"><span class=\"rl-gallery-item-title\">Georg Heinrich<\/span><span class=\"rl-gallery-item-caption\">Georg &#8222;Chicken&#8220; Heinrich, 2. Tenor<\/span><\/span><\/a><\/div><div class=\"rl-gallery-item\"><a href=\"https:\/\/i0.wp.com\/1fmc03.de\/wp-content\/uploads\/2023\/10\/2T-FH2.jpg?fit=827%2C465&amp;ssl=1\" title=\"Florian Hohagen, 2. Tenor\" data-rl_title=\"Florian Hohagen, 2. Tenor\" class=\"rl-gallery-link\" data-rl_caption=\"Florian Hohagen\" data-rel=\"lightbox-gallery-3\" data-magnific_type=\"gallery\"><img loading=\"lazy\" decoding=\"async\" src=\"https:\/\/i0.wp.com\/1fmc03.de\/wp-content\/uploads\/2023\/10\/2T-FH2.jpg?fit=768%2C432&#038;ssl=1\" width=\"768\" height=\"432\" alt=\"\" \/><span class=\"rl-gallery-caption\"><span class=\"rl-gallery-item-title\">Florian Hohagen<\/span><span class=\"rl-gallery-item-caption\">Florian Hohagen, 2. Tenor<\/span><\/span><\/a><\/div><div class=\"rl-gallery-item\"><a href=\"https:\/\/i0.wp.com\/1fmc03.de\/wp-content\/uploads\/2023\/10\/2T-CB.jpg?fit=827%2C465&amp;ssl=1\" title=\"Christian &#8222;Baldi&#8220; Baldauf, 2. Tenor\" data-rl_title=\"Christian &#8222;Baldi&#8220; Baldauf, 2. Tenor\" class=\"rl-gallery-link\" data-rl_caption=\"Christian Baldauf\" data-rel=\"lightbox-gallery-3\" data-magnific_type=\"gallery\"><img loading=\"lazy\" decoding=\"async\" src=\"https:\/\/i0.wp.com\/1fmc03.de\/wp-content\/uploads\/2023\/10\/2T-CB.jpg?fit=768%2C432&#038;ssl=1\" width=\"768\" height=\"432\" alt=\"\" \/><span class=\"rl-gallery-caption\"><span class=\"rl-gallery-item-title\">Christian Baldauf<\/span><span class=\"rl-gallery-item-caption\">Christian &#8222;Baldi&#8220; Baldauf, 2. Tenor<\/span><\/span><\/a><\/div><div class=\"rl-gallery-item\"><a href=\"https:\/\/i0.wp.com\/1fmc03.de\/wp-content\/uploads\/2023\/10\/MioBorn.jpg?fit=827%2C465&amp;ssl=1\" title=\"Michael &#8222;Mio&#8220; Born, 2. Tenor\" data-rl_title=\"Michael &#8222;Mio&#8220; Born, 2. Tenor\" class=\"rl-gallery-link\" data-rl_caption=\"Michael Born\" data-rel=\"lightbox-gallery-3\" data-magnific_type=\"gallery\"><img loading=\"lazy\" decoding=\"async\" src=\"https:\/\/i0.wp.com\/1fmc03.de\/wp-content\/uploads\/2023\/10\/MioBorn.jpg?fit=768%2C432&#038;ssl=1\" width=\"768\" height=\"432\" alt=\"\" \/><span class=\"rl-gallery-caption\"><span class=\"rl-gallery-item-title\">Michael Born<\/span><span class=\"rl-gallery-item-caption\">Michael &#8222;Mio&#8220; Born, 2. Tenor<\/span><\/span><\/a><\/div><div class=\"rl-gallery-item\"><a href=\"https:\/\/i0.wp.com\/1fmc03.de\/wp-content\/uploads\/2023\/10\/Andy-Fuerst.jpg?fit=827%2C465&amp;ssl=1\" title=\"Andreas &#8222;Andy&#8220; Fu\u0308rst, 2. Tenor\" data-rl_title=\"Andreas &#8222;Andy&#8220; Fu\u0308rst, 2. Tenor\" class=\"rl-gallery-link\" data-rl_caption=\"Andreas F\u00fcrst\" data-rel=\"lightbox-gallery-3\" data-magnific_type=\"gallery\"><img loading=\"lazy\" decoding=\"async\" src=\"https:\/\/i0.wp.com\/1fmc03.de\/wp-content\/uploads\/2023\/10\/Andy-Fuerst.jpg?fit=768%2C432&#038;ssl=1\" width=\"768\" height=\"432\" alt=\"\" \/><span class=\"rl-gallery-caption\"><span class=\"rl-gallery-item-title\">Andreas F\u00fcrst<\/span><span class=\"rl-gallery-item-caption\">Andreas &#8222;Andy&#8220; Fu\u0308rst, 2. Tenor<\/span><\/span><\/a><\/div><div class=\"rl-gallery-item\"><a href=\"https:\/\/i0.wp.com\/1fmc03.de\/wp-content\/uploads\/2023\/10\/Jan-Haas.jpg?fit=827%2C448&amp;ssl=1\" title=\"Jan &#8222;Janni&#8220; Haas &#8211; 2. Tenor und Kassenwart\" data-rl_title=\"Jan &#8222;Janni&#8220; Haas &#8211; 2. Tenor und Kassenwart\" class=\"rl-gallery-link\" data-rl_caption=\"Jan Haas\" data-rel=\"lightbox-gallery-3\" data-magnific_type=\"gallery\"><img loading=\"lazy\" decoding=\"async\" src=\"https:\/\/i0.wp.com\/1fmc03.de\/wp-content\/uploads\/2023\/10\/Jan-Haas.jpg?fit=768%2C417&#038;ssl=1\" width=\"768\" height=\"417\" alt=\"\" \/><span class=\"rl-gallery-caption\"><span class=\"rl-gallery-item-title\">Jan Haas<\/span><span class=\"rl-gallery-item-caption\">Jan &#8222;Janni&#8220; Haas &#8211; 2. Tenor und Kassenwart<\/span><\/span><\/a><\/div> <\/div> <\/div>\n<div class=\"rl-gallery-container rl-loading\" id=\"rl-gallery-container-4\" data-gallery_id=\"411\"> <h4 class=\"rl-gallery-title\">1. BASS<\/h4><div class=\"rl-gallery-description\"><\/div> <div class=\"rl-gallery rl-basicgrid-gallery rl-hover-effect-4 rl-hover-icon-8\" id=\"rl-gallery-4\" data-gallery_no=\"4\"> <div class=\"rl-gallery-item\"><a href=\"https:\/\/i0.wp.com\/1fmc03.de\/wp-content\/uploads\/2023\/10\/2B-SU.jpg?fit=768%2C432&amp;ssl=1\" title=\"Sebastian Urban\" data-rl_title=\"Sebastian Urban\" class=\"rl-gallery-link\" data-rl_caption=\"Sebastian &quot;Buddy&quot; Urban, 2. Bass\" data-rel=\"lightbox-gallery-4\" data-magnific_type=\"gallery\"><img loading=\"lazy\" decoding=\"async\" src=\"https:\/\/i0.wp.com\/1fmc03.de\/wp-content\/uploads\/2023\/10\/2B-SU.jpg?fit=768%2C432&#038;ssl=1\" width=\"768\" height=\"432\" alt=\"\" \/><span class=\"rl-gallery-caption\"><span class=\"rl-gallery-item-title\">Sebastian &quot;Buddy&quot; Urban, 2. Bass<\/span><span class=\"rl-gallery-item-caption\">Sebastian Urban<\/span><\/span><\/a><\/div><div class=\"rl-gallery-item\"><a href=\"https:\/\/i0.wp.com\/1fmc03.de\/wp-content\/uploads\/2023\/10\/2B-OC.jpg?fit=768%2C432&amp;ssl=1\" title=\"Orazio Conti\" data-rl_title=\"Orazio Conti\" class=\"rl-gallery-link\" data-rl_caption=\"\" data-rel=\"lightbox-gallery-4\" data-magnific_type=\"gallery\"><img loading=\"lazy\" decoding=\"async\" src=\"https:\/\/i0.wp.com\/1fmc03.de\/wp-content\/uploads\/2023\/10\/2B-OC.jpg?fit=768%2C432&#038;ssl=1\" width=\"768\" height=\"432\" alt=\"\" \/><span class=\"rl-gallery-caption\"><span class=\"rl-gallery-item-caption\">Orazio Conti<\/span><\/span><\/a><\/div><div class=\"rl-gallery-item\"><a href=\"https:\/\/i0.wp.com\/1fmc03.de\/wp-content\/uploads\/2023\/10\/2B-ML.jpg?fit=768%2C432&amp;ssl=1\" title=\"Michael Lange\" data-rl_title=\"Michael Lange\" class=\"rl-gallery-link\" data-rl_caption=\"\" data-rel=\"lightbox-gallery-4\" data-magnific_type=\"gallery\"><img loading=\"lazy\" decoding=\"async\" src=\"https:\/\/i0.wp.com\/1fmc03.de\/wp-content\/uploads\/2023\/10\/2B-ML.jpg?fit=768%2C432&#038;ssl=1\" width=\"768\" height=\"432\" alt=\"\" \/><span class=\"rl-gallery-caption\"><span class=\"rl-gallery-item-caption\">Michael Lange<\/span><\/span><\/a><\/div><div class=\"rl-gallery-item\"><a href=\"https:\/\/i0.wp.com\/1fmc03.de\/wp-content\/uploads\/2023\/10\/2B-AK.jpg?fit=768%2C432&amp;ssl=1\" title=\"Andreas Kl\u00f6s\" data-rl_title=\"Andreas Kl\u00f6s\" class=\"rl-gallery-link\" data-rl_caption=\"\" data-rel=\"lightbox-gallery-4\" data-magnific_type=\"gallery\"><img loading=\"lazy\" decoding=\"async\" src=\"https:\/\/i0.wp.com\/1fmc03.de\/wp-content\/uploads\/2023\/10\/2B-AK.jpg?fit=768%2C432&#038;ssl=1\" width=\"768\" height=\"432\" alt=\"\" \/><span class=\"rl-gallery-caption\"><span class=\"rl-gallery-item-caption\">Andreas Kl\u00f6s<\/span><\/span><\/a><\/div><div class=\"rl-gallery-item\"><a href=\"https:\/\/i0.wp.com\/1fmc03.de\/wp-content\/uploads\/2023\/10\/Manuel-Breiner-1.jpg?fit=768%2C432&amp;ssl=1\" title=\"Manuel Breiner\" data-rl_title=\"Manuel Breiner\" class=\"rl-gallery-link\" data-rl_caption=\"Manuel Breiner, 2. Bass\" data-rel=\"lightbox-gallery-4\" data-magnific_type=\"gallery\"><img loading=\"lazy\" decoding=\"async\" src=\"https:\/\/i0.wp.com\/1fmc03.de\/wp-content\/uploads\/2023\/10\/Manuel-Breiner-1.jpg?fit=768%2C432&#038;ssl=1\" width=\"768\" height=\"432\" alt=\"\" \/><span class=\"rl-gallery-caption\"><span class=\"rl-gallery-item-title\">Manuel Breiner, 2. Bass<\/span><span class=\"rl-gallery-item-caption\">Manuel Breiner<\/span><\/span><\/a><\/div><div class=\"rl-gallery-item\"><a href=\"https:\/\/i0.wp.com\/1fmc03.de\/wp-content\/uploads\/2023\/10\/1FMC04-LA2024-157-Kopie-e1733323032792.jpeg?fit=768%2C441&amp;ssl=1\" title=\"Andreas G\u00e4rtner\" data-rl_title=\"Andreas G\u00e4rtner\" class=\"rl-gallery-link\" data-rl_caption=\"Andreas &quot;Ag\u00e4&quot; G\u00e4rtner, 2. Vorstand und 2. Bass\" data-rel=\"lightbox-gallery-4\" data-magnific_type=\"gallery\"><img loading=\"lazy\" decoding=\"async\" src=\"https:\/\/i0.wp.com\/1fmc03.de\/wp-content\/uploads\/2023\/10\/1FMC04-LA2024-157-Kopie-e1733323032792.jpeg?fit=768%2C441&#038;ssl=1\" width=\"768\" height=\"441\" alt=\"\" \/><span class=\"rl-gallery-caption\"><span class=\"rl-gallery-item-title\">Andreas &quot;Ag\u00e4&quot; G\u00e4rtner, 2. Vorstand und 2. Bass<\/span><span class=\"rl-gallery-item-caption\">Andreas G\u00e4rtner<\/span><\/span><\/a><\/div><div class=\"rl-gallery-item\"><a href=\"https:\/\/i0.wp.com\/1fmc03.de\/wp-content\/uploads\/2023\/10\/LP.jpg?fit=768%2C518&amp;ssl=1\" title=\"Lars Piske\" data-rl_title=\"Lars Piske\" class=\"rl-gallery-link\" data-rl_caption=\"Lars Piske, 1. Bass\" data-rel=\"lightbox-gallery-4\" data-magnific_type=\"gallery\"><img loading=\"lazy\" decoding=\"async\" src=\"https:\/\/i0.wp.com\/1fmc03.de\/wp-content\/uploads\/2023\/10\/LP.jpg?fit=768%2C518&#038;ssl=1\" width=\"768\" height=\"518\" alt=\"\" \/><span class=\"rl-gallery-caption\"><span class=\"rl-gallery-item-title\">Lars Piske, 1. Bass<\/span><span class=\"rl-gallery-item-caption\">Lars Piske<\/span><\/span><\/a><\/div> <\/div> <\/div>\n<div class=\"rl-gallery-container rl-loading\" id=\"rl-gallery-container-5\" data-gallery_id=\"412\"> <h4 class=\"rl-gallery-title\">2. BASS<\/h4><div class=\"rl-gallery-description\"><\/div> <div class=\"rl-gallery rl-basicgrid-gallery rl-hover-effect-4 rl-hover-icon-8\" id=\"rl-gallery-5\" data-gallery_no=\"5\"> <div class=\"rl-gallery-item\"><a href=\"https:\/\/i0.wp.com\/1fmc03.de\/wp-content\/uploads\/2023\/10\/Karlheinz-Knabe.jpg?fit=827%2C465&amp;ssl=1\" title=\"Karlheinz &#8222;Charly&#8220; Knabe, 2. Bass\" data-rl_title=\"Karlheinz &#8222;Charly&#8220; Knabe, 2. Bass\" class=\"rl-gallery-link\" data-rl_caption=\"Karlheinz Knabe\" data-rel=\"lightbox-gallery-5\" data-magnific_type=\"gallery\"><img loading=\"lazy\" decoding=\"async\" src=\"https:\/\/i0.wp.com\/1fmc03.de\/wp-content\/uploads\/2023\/10\/Karlheinz-Knabe.jpg?fit=300%2C169&#038;ssl=1\" width=\"300\" height=\"169\" alt=\"\" \/><span class=\"rl-gallery-caption\"><span class=\"rl-gallery-item-title\">Karlheinz Knabe<\/span><span class=\"rl-gallery-item-caption\">Karlheinz &#8222;Charly&#8220; Knabe, 2. Bass<\/span><\/span><\/a><\/div><div class=\"rl-gallery-item\"><a href=\"https:\/\/i0.wp.com\/1fmc03.de\/wp-content\/uploads\/2023\/10\/1B-RB2.jpg?fit=827%2C465&amp;ssl=1\" title=\"Ralph Binder, 2. Bass\" data-rl_title=\"Ralph Binder, 2. Bass\" class=\"rl-gallery-link\" data-rl_caption=\"Ralph Binder,\" data-rel=\"lightbox-gallery-5\" data-magnific_type=\"gallery\"><img loading=\"lazy\" decoding=\"async\" src=\"https:\/\/i0.wp.com\/1fmc03.de\/wp-content\/uploads\/2023\/10\/1B-RB2.jpg?fit=300%2C169&#038;ssl=1\" width=\"300\" height=\"169\" alt=\"\" \/><span class=\"rl-gallery-caption\"><span class=\"rl-gallery-item-title\">Ralph Binder,<\/span><span class=\"rl-gallery-item-caption\">Ralph Binder, 2. Bass<\/span><\/span><\/a><\/div><div class=\"rl-gallery-item\"><a href=\"https:\/\/i0.wp.com\/1fmc03.de\/wp-content\/uploads\/2023\/05\/LA2023_-45-e1710884334645.jpg?fit=827%2C492&amp;ssl=1\" title=\"Kemal Vardar, 2. Bass\" data-rl_title=\"Kemal Vardar, 2. Bass\" class=\"rl-gallery-link\" data-rl_caption=\"Kemal Vardar\" data-rel=\"lightbox-gallery-5\" data-magnific_type=\"gallery\"><img loading=\"lazy\" decoding=\"async\" src=\"https:\/\/i0.wp.com\/1fmc03.de\/wp-content\/uploads\/2023\/05\/LA2023_-45-e1710884334645.jpg?fit=300%2C179&#038;ssl=1\" width=\"300\" height=\"179\" alt=\"\" \/><span class=\"rl-gallery-caption\"><span class=\"rl-gallery-item-title\">Kemal Vardar<\/span><span class=\"rl-gallery-item-caption\">Kemal Vardar, 2. Bass<\/span><\/span><\/a><\/div><div class=\"rl-gallery-item\"><a href=\"https:\/\/i0.wp.com\/1fmc03.de\/wp-content\/uploads\/2023\/10\/2B-AZ1-1.jpg?fit=827%2C465&amp;ssl=1\" title=\"Stefan Zobel\" data-rl_title=\"Stefan Zobel\" class=\"rl-gallery-link\" data-rl_caption=\"Stefan Zobel, 2. Bass\" data-rel=\"lightbox-gallery-5\" data-magnific_type=\"gallery\"><img loading=\"lazy\" decoding=\"async\" src=\"https:\/\/i0.wp.com\/1fmc03.de\/wp-content\/uploads\/2023\/10\/2B-AZ1-1.jpg?fit=300%2C169&#038;ssl=1\" width=\"300\" height=\"169\" alt=\"\" \/><span class=\"rl-gallery-caption\"><span class=\"rl-gallery-item-title\">Stefan Zobel, 2. Bass<\/span><span class=\"rl-gallery-item-caption\">Stefan Zobel<\/span><\/span><\/a><\/div><div class=\"rl-gallery-item\"><a href=\"https:\/\/i0.wp.com\/1fmc03.de\/wp-content\/uploads\/2023\/10\/1B-WM.jpg?fit=827%2C465&amp;ssl=1\" title=\"Wolfgang M\u00fcnch, 2. Bass\" data-rl_title=\"Wolfgang M\u00fcnch, 2. Bass\" class=\"rl-gallery-link\" data-rl_caption=\"Wolfgang &quot;Wolle&quot; M\u00fcnch\" data-rel=\"lightbox-gallery-5\" data-magnific_type=\"gallery\"><img loading=\"lazy\" decoding=\"async\" src=\"https:\/\/i0.wp.com\/1fmc03.de\/wp-content\/uploads\/2023\/10\/1B-WM.jpg?fit=300%2C169&#038;ssl=1\" width=\"300\" height=\"169\" alt=\"\" \/><span class=\"rl-gallery-caption\"><span class=\"rl-gallery-item-title\">Wolfgang &quot;Wolle&quot; M\u00fcnch<\/span><span class=\"rl-gallery-item-caption\">Wolfgang M\u00fcnch, 2. Bass<\/span><\/span><\/a><\/div><div class=\"rl-gallery-item\"><a href=\"https:\/\/i0.wp.com\/1fmc03.de\/wp-content\/uploads\/2023\/10\/1B-BS.jpg?fit=827%2C465&amp;ssl=1\" title=\"Benedikt Schroth\" data-rl_title=\"Benedikt Schroth\" class=\"rl-gallery-link\" data-rl_caption=\"Benedikt &quot;Bene&quot; Schroth, 2. Bass\" data-rel=\"lightbox-gallery-5\" data-magnific_type=\"gallery\"><img loading=\"lazy\" decoding=\"async\" src=\"https:\/\/i0.wp.com\/1fmc03.de\/wp-content\/uploads\/2023\/10\/1B-BS.jpg?fit=300%2C169&#038;ssl=1\" width=\"300\" height=\"169\" alt=\"\" \/><span class=\"rl-gallery-caption\"><span class=\"rl-gallery-item-title\">Benedikt &quot;Bene&quot; Schroth, 2. Bass<\/span><span class=\"rl-gallery-item-caption\">Benedikt Schroth<\/span><\/span><\/a><\/div> <\/div> <\/div>\n<p>&nbsp;<\/p>\n<p>&nbsp;<\/p>\n<p>&nbsp;<\/p>\n","protected":false},"excerpt":{"rendered":"<p>Hier finden Sie eine \u00dcbersicht der Frankenthaler &#8222;Goldkehlchen&#8220;, die in Summe der Jahre an B\u00fchnenerfahrung nicht nur die \u00e4lteste BoyBand der Welt sein d\u00fcrften, sondern auch gleichzeitig allesamt das Pr\u00e4dikat &#8222;Wunsch-Schwiegersohn vergangener Jahrzehnte&#8220; verdient h\u00e4tten&#8230; wenn es diese Auszeichnung g\u00e4be. Bitte beachten: Die Galerie ist noch nicht vollst\u00e4ndig! &nbsp; &nbsp; &hellip;<\/p>\n","protected":false},"author":1,"featured_media":0,"parent":48,"menu_order":10,"comment_status":"closed","ping_status":"closed","template":"","meta":{"footnotes":""},"class_list":["post-379","page","type-page","status-publish","hentry"],"_links":{"self":[{"href":"https:\/\/1fmc03.de\/index.php?rest_route=\/wp\/v2\/pages\/379","targetHints":{"allow":["GET"]}}],"collection":[{"href":"https:\/\/1fmc03.de\/index.php?rest_route=\/wp\/v2\/pages"}],"about":[{"href":"https:\/\/1fmc03.de\/index.php?rest_route=\/wp\/v2\/types\/page"}],"author":[{"embeddable":true,"href":"https:\/\/1fmc03.de\/index.php?rest_route=\/wp\/v2\/users\/1"}],"replies":[{"embeddable":true,"href":"https:\/\/1fmc03.de\/index.php?rest_route=%2Fwp%2Fv2%2Fcomments&post=379"}],"version-history":[{"count":9,"href":"https:\/\/1fmc03.de\/index.php?rest_route=\/wp\/v2\/pages\/379\/revisions"}],"predecessor-version":[{"id":1345,"href":"https:\/\/1fmc03.de\/index.php?rest_route=\/wp\/v2\/pages\/379\/revisions\/1345"}],"up":[{"embeddable":true,"href":"https:\/\/1fmc03.de\/index.php?rest_route=\/wp\/v2\/pages\/48"}],"wp:attachment":[{"href":"https:\/\/1fmc03.de\/index.php?rest_route=%2Fwp%2Fv2%2Fmedia&parent=379"}],"curies":[{"name":"wp","href":"https:\/\/api.w.org\/{rel}","templated":true}]}}