{"id":41,"date":"2019-11-25T19:34:18","date_gmt":"2019-11-25T19:34:18","guid":{"rendered":"http:\/\/1fmc03.de\/?page_id=41"},"modified":"2025-10-16T09:57:48","modified_gmt":"2025-10-16T09:57:48","slug":"die-historie","status":"publish","type":"page","link":"https:\/\/1fmc03.de\/?page_id=41","title":{"rendered":"Die Historie"},"content":{"rendered":"\r\n<div class=\"wp-block-media-text alignwide is-vertically-aligned-top\">\r\n<figure class=\"wp-block-media-text__media\"><img data-recalc-dims=\"1\" loading=\"lazy\" decoding=\"async\" class=\"aligncenter wp-image-5 size-medium\" src=\"https:\/\/i0.wp.com\/1fmc03.de\/wp-content\/uploads\/2019\/11\/LOGO.png?resize=300%2C298\" alt=\"\" width=\"300\" height=\"298\" srcset=\"https:\/\/i0.wp.com\/1fmc03.de\/wp-content\/uploads\/2019\/11\/LOGO.png?resize=300%2C298&amp;ssl=1 300w, https:\/\/i0.wp.com\/1fmc03.de\/wp-content\/uploads\/2019\/11\/LOGO.png?resize=150%2C150&amp;ssl=1 150w, https:\/\/i0.wp.com\/1fmc03.de\/wp-content\/uploads\/2019\/11\/LOGO.png?resize=100%2C100&amp;ssl=1 100w, https:\/\/i0.wp.com\/1fmc03.de\/wp-content\/uploads\/2019\/11\/LOGO.png?w=516&amp;ssl=1 516w\" sizes=\"auto, (max-width: 300px) 100vw, 300px\" \/><\/figure>\r\n<div class=\"wp-block-media-text__content\">\r\n<h1>1. Frankenthaler M\u00e4nnerchor 03 \u2013 die Historie<\/h1>\r\n\r\n\r\n\r\n<ul class=\"wp-block-list\">\r\n<li>Am 3. Oktober 2002 fa\u00dften einige S\u00e4nger um Willi Brausch und Walter Zipp den Beschlu\u00df, einen M\u00e4nnerchor zu gr\u00fcnden.<\/li>\r\n<li>Am 04. Januar 2003 trafen sich die Gr\u00fcndungsmitglieder im Musik-Club Altes Brauhaus in Frankenthal zur konstituierenden Probe. Gearbeitet wurden an den Titeln \u201eNehmt Abschied Br\u00fcder, ungewi\u00df\u201c und \u201eHighway to Hell\u201c. Mehr als die H\u00e4lfte der Gr\u00fcndungsmitglieder waren und sind ambitionierte Musiker, die neben dem Chorgesang in verschiedenen Bands Musik machen.<\/li>\r\n<li>Im Lauf des Jahres 2003 gab sich der Chor den Namen \u201e1. Frankenthaler M\u00e4nnerchor 03\u201c.<\/li>\r\n<li>Das erste Mal vor Publikum sang der 1. Frankenthaler M\u00e4nnerchor 03 zu Gast bei einem alt ehrw\u00fcrdigen M\u00e4nnerchor, der Liedertafel 1846 e.V. in Weisenheim am Sand.<\/li>\r\n<li>Auftritte in Frankenthal und Umgebung f\u00fchrten den M\u00e4nnerchor ins Wirtshaus Zum Elefanten, aufs Strohhutfest, zur Heuchelheimer Kerwe, auf den Bad D\u00fcrkheimer Wurstmarkt, in den Freinsheimer Retzerpark, zum Palmberg, dem Saupferch und vielen anderen Orten.<\/li>\r\n<li>Schlu\u00dfendlich landete der M\u00e4nnerchor im Tonstudio des 3stromlands.<\/li>\r\n<li>Am 30. April 2007 pr\u00e4sentierte der M\u00e4nnerchor seine erste CD \u201eHoch lebe die Pfalz\u201c. An diesem Nachmittag vor der Mai-Nacht traten die S\u00e4nger gleich an zwei Orten auf und sangen dem Publikum einige Lieder der neuen CD. Zuerst beim Aufstellen des Maibaums in Beindersheim, danach bei einem Fest in Roxheim, direkt am Ufer des Rheins.<\/li>\r\n<li>Einigen wichtigen Personen auch au\u00dferhalb der Pfalz wurde die CD zugesandt. Dies hatte historische Folgen.<\/li>\r\n<li>Dem HR3-Moderator J\u00f6rg Bombach, seines Zeichens AC\/DC-Fan, gefiel die M\u00e4nnerchor-Version von \u201eHighway to Hell\u201c so gut, da\u00df er den ganzen Chor in seine Show holte \u2013 sechs Titel live im Radio!<\/li>\r\n<li><a href=\"http:\/\/1fmc03.de\/?p=472\">So erklang in den fr\u00fchen Morgenstunden des 14. November 2008 im Hessischen Rundfunk zun\u00e4chst der Pf\u00e4lzer S\u00e4ngerspruch mit den Worten \u201eHoch lebe die Pfalz!\u201c. Anschlie\u00dfend brachte der M\u00e4nnerchor die Titel \u201eDer Wanderer\u201c, \u201eGimme Some Lovin\u201c, \u201eRawhide\u201c, \u201eFat Bottomed Girls\u201c und \u201eHighway to Hell\u201c zu Geh\u00f6r.<\/a><\/li>\r\n<li>Das nach au\u00dfen eher unauff\u00e4llige Jahr 2009 war prall gef\u00fcllt mit Proben und Planungen. Immerhin steuerte der M\u00e4nnerchor zu einer Weihnachts-CD aus dem 3stromland seine Version von Stille Nacht bei. Gesummt vom Chor, gesprochen von ag\u00e4, einschlie\u00dflich des Ghost-Tracks von DJ Felles.<\/li>\r\n<li><a href=\"http:\/\/1fmc03.de\/?p=625\">Am 10. Januar 2010 versammelten sich die S\u00e4nger des 1. Frankenthaler M\u00e4nnerchor 03 im Br\u00e4ust\u00fcbl und gr\u00fcndeten einen Verein. Den Verein zum Chor. Den Verein zum 1. Frankenthaler M\u00e4nnerchor 03.<\/a><\/li>\r\n<\/ul>\r\n\r\n\r\n<\/div>\r\n<\/div>\r\n","protected":false},"excerpt":{"rendered":"<p>1. Frankenthaler M\u00e4nnerchor 03 \u2013 die Historie Am 3. Oktober 2002 fa\u00dften einige S\u00e4nger um Willi Brausch und Walter Zipp den Beschlu\u00df, einen M\u00e4nnerchor zu gr\u00fcnden. Am 04. Januar 2003 trafen sich die Gr\u00fcndungsmitglieder im Musik-Club Altes Brauhaus in Frankenthal zur konstituierenden Probe. Gearbeitet wurden an den Titeln \u201eNehmt Abschied &hellip;<\/p>\n","protected":false},"author":1,"featured_media":0,"parent":48,"menu_order":10,"comment_status":"closed","ping_status":"closed","template":"","meta":{"footnotes":""},"class_list":["post-41","page","type-page","status-publish","hentry"],"_links":{"self":[{"href":"https:\/\/1fmc03.de\/index.php?rest_route=\/wp\/v2\/pages\/41","targetHints":{"allow":["GET"]}}],"collection":[{"href":"https:\/\/1fmc03.de\/index.php?rest_route=\/wp\/v2\/pages"}],"about":[{"href":"https:\/\/1fmc03.de\/index.php?rest_route=\/wp\/v2\/types\/page"}],"author":[{"embeddable":true,"href":"https:\/\/1fmc03.de\/index.php?rest_route=\/wp\/v2\/users\/1"}],"replies":[{"embeddable":true,"href":"https:\/\/1fmc03.de\/index.php?rest_route=%2Fwp%2Fv2%2Fcomments&post=41"}],"version-history":[{"count":6,"href":"https:\/\/1fmc03.de\/index.php?rest_route=\/wp\/v2\/pages\/41\/revisions"}],"predecessor-version":[{"id":441,"href":"https:\/\/1fmc03.de\/index.php?rest_route=\/wp\/v2\/pages\/41\/revisions\/441"}],"up":[{"embeddable":true,"href":"https:\/\/1fmc03.de\/index.php?rest_route=\/wp\/v2\/pages\/48"}],"wp:attachment":[{"href":"https:\/\/1fmc03.de\/index.php?rest_route=%2Fwp%2Fv2%2Fmedia&parent=41"}],"curies":[{"name":"wp","href":"https:\/\/api.w.org\/{rel}","templated":true}]}}