{"id":43,"date":"2019-11-25T19:41:48","date_gmt":"2019-11-25T19:41:48","guid":{"rendered":"http:\/\/1fmc03.de\/?page_id=43"},"modified":"2025-02-18T18:04:21","modified_gmt":"2025-02-18T18:04:21","slug":"der-verein","status":"publish","type":"page","link":"https:\/\/1fmc03.de\/?page_id=43","title":{"rendered":"Der Verein"},"content":{"rendered":"\r\n<figure class=\"wp-block-image size-large\"><img data-recalc-dims=\"1\" decoding=\"async\" src=\"https:\/\/i0.wp.com\/www.fmc03.de\/fmc\/wp-content\/uploads\/fmc03_gruendung.jpg?w=827\" alt=\"\" \/>\r\n<figcaption><em>Vereinsgr\u00fcndung am 10.01.2010<\/em><\/figcaption>\r\n<\/figure>\r\n\r\n\r\n\r\n<p>Der Beschluss zur Vereinsgr\u00fcndung fand am 10. Januar 2010, 19 Uhr in der Gastst\u00e4tte \u201cBraust\u00fcbel\u201d in Frankenthal statt. Die notarielle Beglaubigung sowie der Eintrag in das Vereinsregister sind kurz darauf erfolgt.<\/p>\r\n\r\n\r\n\r\n<p>Die Mitglieder haben wie folgt gew\u00e4hlt:<\/p>\r\n\r\n\r\n\r\n<ul class=\"wp-block-list\">\r\n<li>1. Vorstand: Willi Brausch<\/li>\r\n<li>2. Vorstand: Andreas G\u00e4rtner<br \/><span style=\"color: #999999;\">fr\u00fchere stellv. Vorst\u00e4nde: Dirk Fellhauer (Januar 2010 bis M\u00e4rz 2024)<\/span><\/li>\r\n<li>Chorleitung: Walter Zipp<\/li>\r\n<li>Kassenwart: Jan Haas<\/li>\r\n<li>Schriftf\u00fchrer: Georg Heinrich<br \/><span style=\"color: #999999;\">fr\u00fchere Schriftf\u00fchrer: Andreas G\u00e4rtner ( Mai 2016 &#8211; M\u00e4rz 2024), Oliver Mast (Januar 2010 &#8211; April 2016)<\/span><\/li>\r\n<\/ul>\r\n<p>Ausf\u00fchrliche Bilddokumentation zur Vereinsgr\u00fcndung finden Sie <a href=\"http:\/\/1fmc03.de\/?p=625\">hier:<\/a><\/p>\r\n\r\n\r\n\r\n<p><strong><a href=\"http:\/\/1fmc03.de\/wp-content\/uploads\/2025\/02\/mitgliedschaftsantrag_fmc03.pdf\">Mitgliedsantrag f\u00fcr den 1. Frankenthaler M\u00e4nnerchor 03 &#8211; Herunterladen<\/a><\/strong><\/p>\r\n\r\n\r\n\r\n<p><strong><a href=\"https:\/\/1fmc03.de\/wp-content\/uploads\/2019\/11\/FMC03_Satzung.pdf\">Satzung des 1. Frankenthaler M\u00e4nnerchor 03 &#8211; Herunterladen<\/a><\/strong><\/p>\r\n","protected":false},"excerpt":{"rendered":"<p>Der Beschluss zur Vereinsgr\u00fcndung fand am 10. Januar 2010, 19 Uhr in der Gastst\u00e4tte \u201cBraust\u00fcbel\u201d in Frankenthal statt. Die notarielle Beglaubigung sowie der Eintrag in das Vereinsregister sind kurz darauf erfolgt. Die Mitglieder haben wie folgt gew\u00e4hlt: 1. Vorstand: Willi Brausch 2. Vorstand: Andreas G\u00e4rtnerfr\u00fchere stellv. Vorst\u00e4nde: Dirk Fellhauer (Januar &hellip;<\/p>\n","protected":false},"author":1,"featured_media":0,"parent":48,"menu_order":30,"comment_status":"closed","ping_status":"closed","template":"","meta":{"footnotes":""},"class_list":["post-43","page","type-page","status-publish","hentry"],"_links":{"self":[{"href":"https:\/\/1fmc03.de\/index.php?rest_route=\/wp\/v2\/pages\/43","targetHints":{"allow":["GET"]}}],"collection":[{"href":"https:\/\/1fmc03.de\/index.php?rest_route=\/wp\/v2\/pages"}],"about":[{"href":"https:\/\/1fmc03.de\/index.php?rest_route=\/wp\/v2\/types\/page"}],"author":[{"embeddable":true,"href":"https:\/\/1fmc03.de\/index.php?rest_route=\/wp\/v2\/users\/1"}],"replies":[{"embeddable":true,"href":"https:\/\/1fmc03.de\/index.php?rest_route=%2Fwp%2Fv2%2Fcomments&post=43"}],"version-history":[{"count":8,"href":"https:\/\/1fmc03.de\/index.php?rest_route=\/wp\/v2\/pages\/43\/revisions"}],"predecessor-version":[{"id":1404,"href":"https:\/\/1fmc03.de\/index.php?rest_route=\/wp\/v2\/pages\/43\/revisions\/1404"}],"up":[{"embeddable":true,"href":"https:\/\/1fmc03.de\/index.php?rest_route=\/wp\/v2\/pages\/48"}],"wp:attachment":[{"href":"https:\/\/1fmc03.de\/index.php?rest_route=%2Fwp%2Fv2%2Fmedia&parent=43"}],"curies":[{"name":"wp","href":"https:\/\/api.w.org\/{rel}","templated":true}]}}