{"id":566,"date":"2023-10-11T21:22:05","date_gmt":"2023-10-11T21:22:05","guid":{"rendered":"http:\/\/1fmc03.de\/?page_id=566"},"modified":"2023-10-11T21:22:05","modified_gmt":"2023-10-11T21:22:05","slug":"medienarchiv","status":"publish","type":"page","link":"https:\/\/1fmc03.de\/?page_id=566","title":{"rendered":"Medienarchiv"},"content":{"rendered":"<p>Hier gibt es so einiges an Material, was wir eigentlich im Keller lassen m\u00fcssten. Aber: Daf\u00fcr w\u00e4re es zu schade!<\/p>\n","protected":false},"excerpt":{"rendered":"<p>Hier gibt es so einiges an Material, was wir eigentlich im Keller lassen m\u00fcssten. Aber: Daf\u00fcr w\u00e4re es zu schade!<\/p>\n","protected":false},"author":1,"featured_media":0,"parent":0,"menu_order":0,"comment_status":"closed","ping_status":"closed","template":"","meta":{"footnotes":""},"class_list":["post-566","page","type-page","status-publish","hentry"],"_links":{"self":[{"href":"https:\/\/1fmc03.de\/index.php?rest_route=\/wp\/v2\/pages\/566","targetHints":{"allow":["GET"]}}],"collection":[{"href":"https:\/\/1fmc03.de\/index.php?rest_route=\/wp\/v2\/pages"}],"about":[{"href":"https:\/\/1fmc03.de\/index.php?rest_route=\/wp\/v2\/types\/page"}],"author":[{"embeddable":true,"href":"https:\/\/1fmc03.de\/index.php?rest_route=\/wp\/v2\/users\/1"}],"replies":[{"embeddable":true,"href":"https:\/\/1fmc03.de\/index.php?rest_route=%2Fwp%2Fv2%2Fcomments&post=566"}],"version-history":[{"count":1,"href":"https:\/\/1fmc03.de\/index.php?rest_route=\/wp\/v2\/pages\/566\/revisions"}],"predecessor-version":[{"id":567,"href":"https:\/\/1fmc03.de\/index.php?rest_route=\/wp\/v2\/pages\/566\/revisions\/567"}],"wp:attachment":[{"href":"https:\/\/1fmc03.de\/index.php?rest_route=%2Fwp%2Fv2%2Fmedia&parent=566"}],"curies":[{"name":"wp","href":"https:\/\/api.w.org\/{rel}","templated":true}]}}